{"id":3108,"date":"2022-03-23T21:40:48","date_gmt":"2022-03-23T21:40:48","guid":{"rendered":"https:\/\/suntrails.com\/?page_id=3108"},"modified":"2022-03-30T20:42:17","modified_gmt":"2022-03-30T20:42:17","slug":"terminos-y-condiciones-servicios-privados","status":"publish","type":"page","link":"https:\/\/suntrails.com\/es\/terminos-y-condiciones-servicios-privados\/","title":{"rendered":"T\u00e9rminos y Condiciones Servicios Privados"},"content":{"rendered":"\t\t<div data-elementor-type=\"wp-page\" data-elementor-id=\"3108\" class=\"elementor elementor-3108\" data-elementor-settings=\"[]\">\n\t\t\t\t\t\t\t<div class=\"elementor-section-wrap\">\n\t\t\t\t\t\t\t<section class=\"elementor-section elementor-top-section elementor-element elementor-element-612f707 elementor-section-full_width elementor-section-stretched elementor-section-height-min-height elementor-section-items-top elementor-section-height-default\" data-id=\"612f707\" data-element_type=\"section\" data-settings=\"{&quot;stretch_section&quot;:&quot;section-stretched&quot;,&quot;background_background&quot;:&quot;classic&quot;}\">\n\t\t\t\t\t\t<div class=\"elementor-container elementor-column-gap-no\">\n\t\t\t\t\t<div class=\"elementor-column elementor-col-100 elementor-top-column elementor-element elementor-element-5d55ee2\" data-id=\"5d55ee2\" data-element_type=\"column\">\n\t\t\t<div class=\"elementor-widget-wrap\">\n\t\t\t\t\t\t\t\t\t<\/div>\n\t\t<\/div>\n\t\t\t\t\t\t\t<\/div>\n\t\t<\/section>\n\t\t\t\t<section class=\"elementor-section elementor-top-section elementor-element elementor-element-1493d19 elementor-section-stretched elementor-section-full_width elementor-section-height-min-height elementor-section-height-default elementor-section-items-middle elementor-invisible\" data-id=\"1493d19\" data-element_type=\"section\" data-settings=\"{&quot;stretch_section&quot;:&quot;section-stretched&quot;,&quot;animation&quot;:&quot;fadeInUp&quot;}\">\n\t\t\t\t\t\t\t<div class=\"elementor-background-overlay\"><\/div>\n\t\t\t\t\t\t\t<div class=\"elementor-container elementor-column-gap-default\">\n\t\t\t\t\t<div class=\"elementor-column elementor-col-100 elementor-top-column elementor-element elementor-element-b3070e6\" data-id=\"b3070e6\" data-element_type=\"column\">\n\t\t\t<div class=\"elementor-widget-wrap elementor-element-populated\">\n\t\t\t\t\t\t\t\t<div class=\"elementor-element elementor-element-45cdb87 elementor-widget elementor-widget-heading\" data-id=\"45cdb87\" data-element_type=\"widget\" data-widget_type=\"heading.default\">\n\t\t\t\t<div class=\"elementor-widget-container\">\n\t\t\t<style>\/*! elementor - v3.4.8 - 16-11-2021 *\/\n.elementor-heading-title{padding:0;margin:0;line-height:1}.elementor-widget-heading .elementor-heading-title[class*=elementor-size-]>a{color:inherit;font-size:inherit;line-height:inherit}.elementor-widget-heading .elementor-heading-title.elementor-size-small{font-size:15px}.elementor-widget-heading .elementor-heading-title.elementor-size-medium{font-size:19px}.elementor-widget-heading .elementor-heading-title.elementor-size-large{font-size:29px}.elementor-widget-heading .elementor-heading-title.elementor-size-xl{font-size:39px}.elementor-widget-heading .elementor-heading-title.elementor-size-xxl{font-size:59px}<\/style><h2 class=\"elementor-heading-title elementor-size-default\">T\u00e9rminos y Condiciones<\/h2>\t\t<\/div>\n\t\t\t\t<\/div>\n\t\t\t\t<section class=\"elementor-section elementor-inner-section elementor-element elementor-element-bf0410e elementor-section-height-min-height elementor-section-boxed elementor-section-height-default\" data-id=\"bf0410e\" data-element_type=\"section\">\n\t\t\t\t\t\t\t<div class=\"elementor-background-overlay\"><\/div>\n\t\t\t\t\t\t\t<div class=\"elementor-container elementor-column-gap-default\">\n\t\t\t\t\t<div class=\"elementor-column elementor-col-100 elementor-inner-column elementor-element elementor-element-3e568ec\" data-id=\"3e568ec\" data-element_type=\"column\">\n\t\t\t<div class=\"elementor-widget-wrap elementor-element-populated\">\n\t\t\t\t\t\t\t\t<div class=\"elementor-element elementor-element-8cf5496 elementor-widget elementor-widget-text-editor\" data-id=\"8cf5496\" data-element_type=\"widget\" data-widget_type=\"text-editor.default\">\n\t\t\t\t<div class=\"elementor-widget-container\">\n\t\t\t<style>\/*! elementor - v3.4.8 - 16-11-2021 *\/\n.elementor-widget-text-editor.elementor-drop-cap-view-stacked .elementor-drop-cap{background-color:#818a91;color:#fff}.elementor-widget-text-editor.elementor-drop-cap-view-framed .elementor-drop-cap{color:#818a91;border:3px solid;background-color:transparent}.elementor-widget-text-editor:not(.elementor-drop-cap-view-default) .elementor-drop-cap{margin-top:8px}.elementor-widget-text-editor:not(.elementor-drop-cap-view-default) .elementor-drop-cap-letter{width:1em;height:1em}.elementor-widget-text-editor .elementor-drop-cap{float:left;text-align:center;line-height:1;font-size:50px}.elementor-widget-text-editor .elementor-drop-cap-letter{display:inline-block}<\/style>\t\t\t\t<p>Nuestro servicio se rige bajo los siguientes puntos enumerados en esta nota, en los cuales si acepta significa que est\u00e1 de acuerdo con la aplicaci\u00f3n de estos t\u00e9rminos a su reserva, de tal manera que lo entiende y lo acepta.<\/p><p>Para cualquier pregunta sobre los t\u00e9rminos y condiciones puede comunicarse con nosotros mediante correo electr\u00f3nico a: <a href=\"mailto:transport@suntrails.com\">transport@suntrails.com<\/a><\/p><p><strong>Servicio Privado de turistas<\/strong><\/p><ol><li>El tiempo de espera en el aeropuerto es de 1 hora m\u00e1ximo despu\u00e9s de arribado el vuelo.<\/li><li>El tiempo m\u00e1ximo de espera sin recargo despu\u00e9s de la hora establecida para salir de su hotel es de 20 minutos.<\/li><li>El retraso en la hora de salida de su hotel es $1 por minuto y se cobra despu\u00e9s de los 20 minutos de espera sin recargo.<\/li><li>Durante el viaje el cliente puede sugerir al menos 2 paradas seg\u00fan su necesidad.<\/li><li>La ruta de viaje es siempre la mas corta con el menor tiempo de viaje posible.<\/li><li>Mantenga el orden y el aseo en el veh\u00edculo durante el viaje.<\/li><li>Solicite chofer biling\u00fce por $50 extra a la tarifa de viaje.<\/li><li>Con la reserva debe informar si necesita transportar equipo diferente al equipaje.<\/li><li>Este es un servicio privado usted define la hora de partida de su hotel.<\/li><li>SunTrails no es responsable por art\u00edculos olvidados en el veh\u00edculo.<\/li><li>El rango de horario de transporte normal es desde las 5:00 am hasta las 10:00 pm, el rango de horario de 11:00 pm a 5:00 am se considera especial y el costo extra por servicio es de $150 sumado a la tarifa normal.<\/li><li>La tarifa v\u00eda ferry tiene un costo extra de $60 sumado a la tarifa original.<\/li><\/ol>\t\t\t\t\t\t<\/div>\n\t\t\t\t<\/div>\n\t\t\t\t\t<\/div>\n\t\t<\/div>\n\t\t\t\t\t\t\t<\/div>\n\t\t<\/section>\n\t\t\t\t\t<\/div>\n\t\t<\/div>\n\t\t\t\t\t\t\t<\/div>\n\t\t<\/section>\n\t\t\t\t\t\t<\/div>\n\t\t\t\t\t<\/div>\n\t\t","protected":false},"excerpt":{"rendered":"<p>T\u00e9rminos y Condiciones Nuestro servicio se rige bajo los siguientes puntos enumerados en esta nota, en los cuales si acepta significa que est\u00e1 de acuerdo con la aplicaci\u00f3n de estos t\u00e9rminos a su reserva, de tal manera que lo entiende y lo acepta. Para cualquier pregunta sobre los t\u00e9rminos y condiciones puede comunicarse con nosotros [&hellip;]<\/p>\n","protected":false},"author":1,"featured_media":0,"parent":0,"menu_order":0,"comment_status":"closed","ping_status":"closed","template":"","meta":[],"acf":[],"_links":{"self":[{"href":"https:\/\/suntrails.com\/es\/wp-json\/wp\/v2\/pages\/3108"}],"collection":[{"href":"https:\/\/suntrails.com\/es\/wp-json\/wp\/v2\/pages"}],"about":[{"href":"https:\/\/suntrails.com\/es\/wp-json\/wp\/v2\/types\/page"}],"author":[{"embeddable":true,"href":"https:\/\/suntrails.com\/es\/wp-json\/wp\/v2\/users\/1"}],"replies":[{"embeddable":true,"href":"https:\/\/suntrails.com\/es\/wp-json\/wp\/v2\/comments?post=3108"}],"version-history":[{"count":17,"href":"https:\/\/suntrails.com\/es\/wp-json\/wp\/v2\/pages\/3108\/revisions"}],"predecessor-version":[{"id":3544,"href":"https:\/\/suntrails.com\/es\/wp-json\/wp\/v2\/pages\/3108\/revisions\/3544"}],"wp:attachment":[{"href":"https:\/\/suntrails.com\/es\/wp-json\/wp\/v2\/media?parent=3108"}],"curies":[{"name":"wp","href":"https:\/\/api.w.org\/{rel}","templated":true}]}}