{"id":3094,"date":"2022-03-23T19:07:37","date_gmt":"2022-03-23T19:07:37","guid":{"rendered":"https:\/\/suntrails.com\/?page_id=3094"},"modified":"2022-03-30T20:22:56","modified_gmt":"2022-03-30T20:22:56","slug":"terminos-y-condiciones-servicios-compartidos","status":"publish","type":"page","link":"https:\/\/suntrails.com\/es\/terminos-y-condiciones-servicios-compartidos\/","title":{"rendered":"T\u00e9rminos y Condiciones Servicios Compartidos"},"content":{"rendered":"\t\t<div data-elementor-type=\"wp-page\" data-elementor-id=\"3094\" class=\"elementor elementor-3094\" data-elementor-settings=\"[]\">\n\t\t\t\t\t\t\t<div class=\"elementor-section-wrap\">\n\t\t\t\t\t\t\t<section class=\"elementor-section elementor-top-section elementor-element elementor-element-612f707 elementor-section-full_width elementor-section-stretched elementor-section-height-min-height elementor-section-items-top elementor-section-height-default\" data-id=\"612f707\" data-element_type=\"section\" data-settings=\"{&quot;stretch_section&quot;:&quot;section-stretched&quot;,&quot;background_background&quot;:&quot;classic&quot;}\">\n\t\t\t\t\t\t<div class=\"elementor-container elementor-column-gap-no\">\n\t\t\t\t\t<div class=\"elementor-column elementor-col-100 elementor-top-column elementor-element elementor-element-5d55ee2\" data-id=\"5d55ee2\" data-element_type=\"column\">\n\t\t\t<div class=\"elementor-widget-wrap\">\n\t\t\t\t\t\t\t\t\t<\/div>\n\t\t<\/div>\n\t\t\t\t\t\t\t<\/div>\n\t\t<\/section>\n\t\t\t\t<section class=\"elementor-section elementor-top-section elementor-element elementor-element-1493d19 elementor-section-stretched elementor-section-full_width elementor-section-height-min-height elementor-section-height-default elementor-section-items-middle elementor-invisible\" data-id=\"1493d19\" data-element_type=\"section\" data-settings=\"{&quot;stretch_section&quot;:&quot;section-stretched&quot;,&quot;animation&quot;:&quot;fadeInUp&quot;}\">\n\t\t\t\t\t\t\t<div class=\"elementor-background-overlay\"><\/div>\n\t\t\t\t\t\t\t<div class=\"elementor-container elementor-column-gap-default\">\n\t\t\t\t\t<div class=\"elementor-column elementor-col-100 elementor-top-column elementor-element elementor-element-b3070e6\" data-id=\"b3070e6\" data-element_type=\"column\">\n\t\t\t<div class=\"elementor-widget-wrap elementor-element-populated\">\n\t\t\t\t\t\t\t\t<div class=\"elementor-element elementor-element-45cdb87 elementor-widget elementor-widget-heading\" data-id=\"45cdb87\" data-element_type=\"widget\" data-widget_type=\"heading.default\">\n\t\t\t\t<div class=\"elementor-widget-container\">\n\t\t\t<style>\/*! elementor - v3.4.8 - 16-11-2021 *\/\n.elementor-heading-title{padding:0;margin:0;line-height:1}.elementor-widget-heading .elementor-heading-title[class*=elementor-size-]>a{color:inherit;font-size:inherit;line-height:inherit}.elementor-widget-heading .elementor-heading-title.elementor-size-small{font-size:15px}.elementor-widget-heading .elementor-heading-title.elementor-size-medium{font-size:19px}.elementor-widget-heading .elementor-heading-title.elementor-size-large{font-size:29px}.elementor-widget-heading .elementor-heading-title.elementor-size-xl{font-size:39px}.elementor-widget-heading .elementor-heading-title.elementor-size-xxl{font-size:59px}<\/style><h2 class=\"elementor-heading-title elementor-size-default\">T\u00e9rminos y Condiciones<\/h2>\t\t<\/div>\n\t\t\t\t<\/div>\n\t\t\t\t<section class=\"elementor-section elementor-inner-section elementor-element elementor-element-bf0410e elementor-section-height-min-height elementor-section-boxed elementor-section-height-default\" data-id=\"bf0410e\" data-element_type=\"section\">\n\t\t\t\t\t\t\t<div class=\"elementor-background-overlay\"><\/div>\n\t\t\t\t\t\t\t<div class=\"elementor-container elementor-column-gap-default\">\n\t\t\t\t\t<div class=\"elementor-column elementor-col-100 elementor-inner-column elementor-element elementor-element-3e568ec\" data-id=\"3e568ec\" data-element_type=\"column\">\n\t\t\t<div class=\"elementor-widget-wrap elementor-element-populated\">\n\t\t\t\t\t\t\t\t<div class=\"elementor-element elementor-element-8cf5496 elementor-widget elementor-widget-text-editor\" data-id=\"8cf5496\" data-element_type=\"widget\" data-widget_type=\"text-editor.default\">\n\t\t\t\t<div class=\"elementor-widget-container\">\n\t\t\t<style>\/*! elementor - v3.4.8 - 16-11-2021 *\/\n.elementor-widget-text-editor.elementor-drop-cap-view-stacked .elementor-drop-cap{background-color:#818a91;color:#fff}.elementor-widget-text-editor.elementor-drop-cap-view-framed .elementor-drop-cap{color:#818a91;border:3px solid;background-color:transparent}.elementor-widget-text-editor:not(.elementor-drop-cap-view-default) .elementor-drop-cap{margin-top:8px}.elementor-widget-text-editor:not(.elementor-drop-cap-view-default) .elementor-drop-cap-letter{width:1em;height:1em}.elementor-widget-text-editor .elementor-drop-cap{float:left;text-align:center;line-height:1;font-size:50px}.elementor-widget-text-editor .elementor-drop-cap-letter{display:inline-block}<\/style>\t\t\t\t<p>Nuestro servicio se rige bajo los siguientes puntos enumerados en esta nota, en los cuales si acepta significa que est\u00e1 de acuerdo con la aplicaci\u00f3n de estos t\u00e9rminos a su reserva, de tal manera que lo entiende y lo acepta.<\/p><p>Para cualquier pregunta sobre los t\u00e9rminos y condiciones puede comunicarse con nosotros mediante correo electr\u00f3nico a: <a href=\"mailto:transport@suntrails.com\">transport@suntrails.com<\/a><\/p><p><strong>Servicio Compartido de turistas<\/strong><\/p><ol><li>Nuestro servicio de transporte es de hotel a hotel en \u00e1reas urbanas siempre y cuando el hotel se encuentre sobre las rutas ya establecidas y el acceso al hotel est\u00e9 en condiciones aceptables para nuestros veh\u00edculos.<\/li><li>Las reservas canceladas con un tiempo mayor a 72 horas, se reintegra el 100% del dinero, si se cancela con menos de 72 horas se cobra el 100% de la tarifa.<\/li><li>NO SHOWS se cobra el 100% de la tarifa.<\/li><li>La hora para recoger un cliente var\u00eda entre 15 o 20 minutos de la hora indicada en la reserva, esto depende del tr\u00e1fico y de la ubicaci\u00f3n de los dem\u00e1s clientes.<\/li><li>El tiempo de espera por un cliente no ser\u00e1 mayor a 5 minutos, hay que tomar en cuenta que esto es un servicio compartido, si este cliente no se presenta se cobra<br \/>el 100% de la tarifa y se anota como No Presentaci\u00f3n, el veh\u00edculo partir\u00e1 del lugar despu\u00e9s de transcurrido ese tiempo.<\/li><li>Se permite para el viaje un equipaje de mano, el cual, debe estar todo el tiempo con el cliente y adem\u00e1s una maleta, esta \u00faltima viaja en el portaequipaje. Toda<br \/>pieza extra tendr\u00e1 un valor de $5 y debe informarse con anterioridad, preferiblemente con su reserva.<\/li><li>SunTrails no se hace responsable por p\u00e9rdida o da\u00f1o de equipajes de mano que no est\u00e9n debidamente supervisados por el pasajero o colocados en forma err\u00f3nea en<br \/>el maletero.<\/li><li>Art\u00edculos como bicicletas, kayak y otros art\u00edculos de gran tama\u00f1o no ser\u00e1n transportados, podemos recibir tablas de surf si son reportados con anterioridad y<br \/>mediante el pago de una tarifa de $15 por pieza.<\/li><li>Los ni\u00f1os de 12 a\u00f1os o menos pagan el 50% de la tarifa, mayores de 12 a\u00f1os pagan como adulto. No transportamos ni\u00f1os menores de 12 a\u00f1os que viajan solos, ellos<br \/>deben ser acompa\u00f1ados por un adulto mayor de edad. En caso que sean infantes de 6 meses a 3 a\u00f1os deben viajar con su respectiva silla, esta se puede proporcionar, el costo es de $5 y debe solicitarse con la reserva.<\/li><li>Todos los traslados contemplan una parada de 15 minutos de descanso, cambio de unidad o alimentaci\u00f3n.<\/li><li>No se permiten mascotas durante el viaje, solo se permiten perros gu\u00eda.<\/li><li>En el caso de los servicios v\u00eda ferry no nos hacemos responsables por las p\u00e9rdidas de equipaje en este medio de transporte o por cambios de horarios.<\/li><li>En caso de disputas legales ambas partes se comprometen a seguir los lineamientos de la legislaci\u00f3n de Costa Rica.<\/li><li>SunTrails puede modificar o cancelar rutas sin reembolso por causas ajenas a nuestra operaci\u00f3n como por ejemplo huelgas, accidentes o condiciones clim\u00e1ticas.<\/li><li>Su tiquete incluye el de ferry en caso de usarse ese servicio.<\/li><li>Nuestras tarifas y horarios pueden cambiar en cualquier momento.<\/li><li>SunTrails no es responsable por art\u00edculos olvidados en el veh\u00edculo.<\/li><li>No se transportar\u00e1 personas bajo efectos del alcohol, drogas o comportamientos inadecuados.<\/li><\/ol>\t\t\t\t\t\t<\/div>\n\t\t\t\t<\/div>\n\t\t\t\t\t<\/div>\n\t\t<\/div>\n\t\t\t\t\t\t\t<\/div>\n\t\t<\/section>\n\t\t\t\t\t<\/div>\n\t\t<\/div>\n\t\t\t\t\t\t\t<\/div>\n\t\t<\/section>\n\t\t\t\t\t\t<\/div>\n\t\t\t\t\t<\/div>\n\t\t","protected":false},"excerpt":{"rendered":"<p>T\u00e9rminos y Condiciones Nuestro servicio se rige bajo los siguientes puntos enumerados en esta nota, en los cuales si acepta significa que est\u00e1 de acuerdo con la aplicaci\u00f3n de estos t\u00e9rminos a su reserva, de tal manera que lo entiende y lo acepta. Para cualquier pregunta sobre los t\u00e9rminos y condiciones puede comunicarse con nosotros [&hellip;]<\/p>\n","protected":false},"author":1,"featured_media":0,"parent":0,"menu_order":0,"comment_status":"closed","ping_status":"closed","template":"","meta":[],"acf":[],"_links":{"self":[{"href":"https:\/\/suntrails.com\/es\/wp-json\/wp\/v2\/pages\/3094"}],"collection":[{"href":"https:\/\/suntrails.com\/es\/wp-json\/wp\/v2\/pages"}],"about":[{"href":"https:\/\/suntrails.com\/es\/wp-json\/wp\/v2\/types\/page"}],"author":[{"embeddable":true,"href":"https:\/\/suntrails.com\/es\/wp-json\/wp\/v2\/users\/1"}],"replies":[{"embeddable":true,"href":"https:\/\/suntrails.com\/es\/wp-json\/wp\/v2\/comments?post=3094"}],"version-history":[{"count":24,"href":"https:\/\/suntrails.com\/es\/wp-json\/wp\/v2\/pages\/3094\/revisions"}],"predecessor-version":[{"id":3533,"href":"https:\/\/suntrails.com\/es\/wp-json\/wp\/v2\/pages\/3094\/revisions\/3533"}],"wp:attachment":[{"href":"https:\/\/suntrails.com\/es\/wp-json\/wp\/v2\/media?parent=3094"}],"curies":[{"name":"wp","href":"https:\/\/api.w.org\/{rel}","templated":true}]}}