{"id":2940,"date":"2022-03-17T15:19:35","date_gmt":"2022-03-17T15:19:35","guid":{"rendered":"https:\/\/suntrails.com\/?page_id=2940"},"modified":"2023-02-10T12:43:42","modified_gmt":"2023-02-10T18:43:42","slug":"politica-de-privacidad","status":"publish","type":"page","link":"https:\/\/suntrails.com\/es\/politica-de-privacidad\/","title":{"rendered":"Pol\u00edtica de privacidad"},"content":{"rendered":"\t\t<div data-elementor-type=\"wp-page\" data-elementor-id=\"2940\" class=\"elementor elementor-2940\" data-elementor-settings=\"[]\">\n\t\t\t\t\t\t\t<div class=\"elementor-section-wrap\">\n\t\t\t\t\t\t\t<section class=\"elementor-section elementor-top-section elementor-element elementor-element-612f707 elementor-section-full_width elementor-section-stretched elementor-section-height-min-height elementor-section-items-top elementor-section-height-default\" data-id=\"612f707\" data-element_type=\"section\" data-settings=\"{&quot;stretch_section&quot;:&quot;section-stretched&quot;,&quot;background_background&quot;:&quot;classic&quot;}\">\n\t\t\t\t\t\t<div class=\"elementor-container elementor-column-gap-no\">\n\t\t\t\t\t<div class=\"elementor-column elementor-col-100 elementor-top-column elementor-element elementor-element-5d55ee2\" data-id=\"5d55ee2\" data-element_type=\"column\">\n\t\t\t<div class=\"elementor-widget-wrap\">\n\t\t\t\t\t\t\t\t\t<\/div>\n\t\t<\/div>\n\t\t\t\t\t\t\t<\/div>\n\t\t<\/section>\n\t\t\t\t<section class=\"elementor-section elementor-top-section elementor-element elementor-element-1493d19 elementor-section-stretched elementor-section-full_width elementor-section-height-min-height elementor-section-height-default elementor-section-items-middle elementor-invisible\" data-id=\"1493d19\" data-element_type=\"section\" data-settings=\"{&quot;stretch_section&quot;:&quot;section-stretched&quot;,&quot;animation&quot;:&quot;fadeInUp&quot;}\">\n\t\t\t\t\t\t\t<div class=\"elementor-background-overlay\"><\/div>\n\t\t\t\t\t\t\t<div class=\"elementor-container elementor-column-gap-default\">\n\t\t\t\t\t<div class=\"elementor-column elementor-col-100 elementor-top-column elementor-element elementor-element-b3070e6\" data-id=\"b3070e6\" data-element_type=\"column\">\n\t\t\t<div class=\"elementor-widget-wrap elementor-element-populated\">\n\t\t\t\t\t\t\t\t<div class=\"elementor-element elementor-element-45cdb87 elementor-widget elementor-widget-heading\" data-id=\"45cdb87\" data-element_type=\"widget\" data-widget_type=\"heading.default\">\n\t\t\t\t<div class=\"elementor-widget-container\">\n\t\t\t<style>\/*! elementor - v3.4.8 - 16-11-2021 *\/\n.elementor-heading-title{padding:0;margin:0;line-height:1}.elementor-widget-heading .elementor-heading-title[class*=elementor-size-]>a{color:inherit;font-size:inherit;line-height:inherit}.elementor-widget-heading .elementor-heading-title.elementor-size-small{font-size:15px}.elementor-widget-heading .elementor-heading-title.elementor-size-medium{font-size:19px}.elementor-widget-heading .elementor-heading-title.elementor-size-large{font-size:29px}.elementor-widget-heading .elementor-heading-title.elementor-size-xl{font-size:39px}.elementor-widget-heading .elementor-heading-title.elementor-size-xxl{font-size:59px}<\/style><h2 class=\"elementor-heading-title elementor-size-default\">Pol\u00edtica de privacidad<\/h2>\t\t<\/div>\n\t\t\t\t<\/div>\n\t\t\t\t<section class=\"elementor-section elementor-inner-section elementor-element elementor-element-bf0410e elementor-section-height-min-height elementor-section-boxed elementor-section-height-default\" data-id=\"bf0410e\" data-element_type=\"section\">\n\t\t\t\t\t\t\t<div class=\"elementor-background-overlay\"><\/div>\n\t\t\t\t\t\t\t<div class=\"elementor-container elementor-column-gap-default\">\n\t\t\t\t\t<div class=\"elementor-column elementor-col-100 elementor-inner-column elementor-element elementor-element-3e568ec\" data-id=\"3e568ec\" data-element_type=\"column\">\n\t\t\t<div class=\"elementor-widget-wrap elementor-element-populated\">\n\t\t\t\t\t\t\t\t<div class=\"elementor-element elementor-element-8cf5496 elementor-widget elementor-widget-text-editor\" data-id=\"8cf5496\" data-element_type=\"widget\" data-widget_type=\"text-editor.default\">\n\t\t\t\t<div class=\"elementor-widget-container\">\n\t\t\t<style>\/*! elementor - v3.4.8 - 16-11-2021 *\/\n.elementor-widget-text-editor.elementor-drop-cap-view-stacked .elementor-drop-cap{background-color:#818a91;color:#fff}.elementor-widget-text-editor.elementor-drop-cap-view-framed .elementor-drop-cap{color:#818a91;border:3px solid;background-color:transparent}.elementor-widget-text-editor:not(.elementor-drop-cap-view-default) .elementor-drop-cap{margin-top:8px}.elementor-widget-text-editor:not(.elementor-drop-cap-view-default) .elementor-drop-cap-letter{width:1em;height:1em}.elementor-widget-text-editor .elementor-drop-cap{float:left;text-align:center;line-height:1;font-size:50px}.elementor-widget-text-editor .elementor-drop-cap-letter{display:inline-block}<\/style>\t\t\t\t<p><strong>Pol\u00edtica de privacidad de datos, uso de cookies y anti-spam<\/strong>.<\/p><p>TEstos t\u00e9rminos y condiciones de privacidad de datos, uso de cookies y spam establecen los lineamientos y pr\u00e1cticas de protecci\u00f3n de datos personales, uso de cookies y spam del sitio web SunTrails, generalmente indicadas por la URL &#8220;www.suntrails.com&#8221;<\/p><p>SunTrails es un tour operador en la Pen\u00ednsula de Nicoya, costa Rica. Para obtener m\u00e1s<br \/>informaci\u00f3n puede referirse a los apartados de \u201cQui\u00e9nes somos\u201d o \u201cContacto\u201d para apoyo a sus consultas. Lea atentamente estos t\u00e9rminos y condiciones, ya que le ayudar\u00e1n a tomar decisiones informadas sobre c\u00f3mo compartir su informaci\u00f3n personal con nosotros. Aunque estos t\u00e9rminos y condiciones se aplican solo a la informaci\u00f3n recopilada a trav\u00e9s del sitio web.<\/p><ol><li><strong>\u00bfCu\u00e1l es la informaci\u00f3n que recopilamos?<\/strong><\/li><\/ol><p>Informaci\u00f3n de Identificaci\u00f3n Personal (\u00a8IIP\u00a8) que recibamos, entre otros, mediante los formularios de contacto, suscripci\u00f3n, registro u otros que est\u00e9n en la p\u00e1gina web.<\/p><p>La IIP incluye informaci\u00f3n de identificaci\u00f3n, informaci\u00f3n de contacto e informaci\u00f3n t\u00e9cnica, entre otros datos:<\/p><p>Nombres y apellidos<\/p><p>Correo electr\u00f3nico<\/p><p>N\u00fameros de tel\u00e9fono<\/p><p>Ciudad y pa\u00eds de residencia<\/p><p>Datos an\u00f3nimos relacionados con el comportamiento del usuario durante la visita a la p\u00e1gina web, sea a trav\u00e9s de cookies, p\u00edxeles o tecnolog\u00edas similares. Entre otros,<br \/>podr\u00edamos recompilar el tiempo de la visita y los contenidos visitados.<\/p><p>Datos an\u00f3nimos relacionados con las herramientas de acceso y su interacci\u00f3n con la<br \/>p\u00e1gina web, tales como direcci\u00f3n IP, caracter\u00edsticas del navegador y dispositivo,<br \/>preferencias de idioma o URL de referencia y otra informaci\u00f3n t\u00e9cnica.<\/p><ol start=\"2\"><li><strong>\u00bfC\u00f3mo usamos esta informaci\u00f3n?<\/strong><\/li><\/ol><p>Los datos descritos en el punto anterior se utilizan con objetivos de difusi\u00f3n de nuestras actividades, proyectos y convocatorias, as\u00ed como para mantener y cumplir las obligaciones contractuales, legales y de transparencia que exijan alg\u00fan tipo de comunicaci\u00f3n. Parte de los datos se utilizan como referencia para optimizar la pertinencia de los contenidos y para garantizar la integridad, confidencialidad y disponibilidad de la informaci\u00f3n.<\/p><p>La IIP se emplea para contactar a los usuarios en respuesta a las solicitudes que hayan hecho a SunTrails.<\/p><p>La IIP sirve para mantener la relaci\u00f3n con las partes interesadas de SunTrails (por ejemplo, clientes o aliados) con el fin de dar curso a las actividades.<\/p><p>La IIP y los datos an\u00f3nimos se emplean para identificar si los contenidos son pertinentes y relevantes de acuerdo con sus intereses, as\u00ed como para identificar mejoras en nuestros canales de comunicaci\u00f3n en t\u00e9rminos de experiencia del usuario y dise\u00f1o.<\/p><p>La IIP y los datos an\u00f3nimos se emplean para identificar si los contenidos son pertinentes y relevantes de acuerdo con sus intereses, as\u00ed como para identificar mejoras en nuestros canales de comunicaci\u00f3n en t\u00e9rminos de experiencia del usuario y dise\u00f1o. Los datos relacionados con las herramientas de acceso se emplean tanto para identificar mejoras en el desempe\u00f1o de nuestra web, como para garantizar el funcionamiento de nuestro sitio, su seguridad y la de su informaci\u00f3n.<\/p><p>Las comunicaciones que empleamos con estos datos son principalmente mediante correos electr\u00f3nicos.<\/p><ol start=\"3\"><li><strong>\u00bfSu informaci\u00f3n ser\u00e1 compartida con alguien?<\/strong><\/li><\/ol><p>SunTrails no vender\u00e1, distribuir\u00e1 ni arrendar\u00e1 esta informaci\u00f3n a terceros, excepto de<br \/>acuerdo con estos t\u00e9rminos y condiciones. Se podr\u00e1n generar reportes o res\u00famenes a partir de los datos recopilados. Al ser res\u00famenes, estos reportes no pueden utilizarse para rastrear a una persona en particular.<\/p><p>Podemos divulgar informaci\u00f3n de identificaci\u00f3n personal u otra informaci\u00f3n recopilada a trav\u00e9s del sitio web en respuesta a un proceso legal o cuando creamos que una norma aplicable lo exige, por ejemplo, en respuesta a una orden judicial, citaci\u00f3n o solicitud de una agencia de aplicaci\u00f3n de una norma aplicable. Tambi\u00e9n podemos divulgar la informaci\u00f3n para proteger la seguridad y el funcionamiento del sitio web o los derechos de otros usuarios del sitio web, y para protegernos y proteger a nuestros miembros y afiliados, esto es si tenemos motivos para creer que alguien est\u00e1 causando o amenazando causar da\u00f1o o interferencia con los derechos o la propiedad de SunTrails, as\u00ed como tambi\u00e9n para proteger contra el fraude..<\/p><ol start=\"4\"><li><strong>\u00bfutilizamos cookies y otras tecnolog\u00edas de seguimiento?<\/strong><\/li><\/ol><p>Las cookies son peque\u00f1os archivos de datos que se env\u00edan a su navegador o software relacionado desde un servidor web y se almacenan en su computadora o dispositivo. Las cookies a menudo incluyen un identificador \u00fanico an\u00f3nimo y rastrean y almacenan sus preferencias de usuarios mientras usan el sitio web, as\u00ed como informaci\u00f3n t\u00e9cnica sobre su uso del sitio web. Como se mencion\u00f3 en el apartado 1 arriba, el sitio web y sus sub sitios recopilan registros an\u00f3nimos durante las visitas de los usuarios. Esto se puede hacer a trav\u00e9s de cookies o tecnolog\u00edas similares para retener informaci\u00f3n sobre usted y su uso del sitio web.<\/p><p>Otra tecnolog\u00eda que utilizamos son los pixeles, que son fragmentos de c\u00f3digo en nuestros canales y nos permiten recopilar informaci\u00f3n an\u00f3nima sobre el desempe\u00f1o de anuncios en l\u00ednea y del correo masivo, as\u00ed como para encauzar mensajes de difusi\u00f3n en otras plataformas como las redes sociales o los buscadores.<\/p><ol start=\"5\"><li><strong>\u00bfcu\u00e1ndo conservamos su informaci\u00f3n?<\/strong><\/li><\/ol><p>Retenemos IIP e informaci\u00f3n an\u00f3nima recopilada a trav\u00e9s del sitio web para fines<br \/>operativos, de registro y legales. Retendremos IIP sobre usted durante el per\u00edodo<br \/>necesario para cumplir con los fines descritos en estos t\u00e9rminos y condiciones o nuestras pol\u00edticas de retenci\u00f3n de datos, a menos que una norma aplicable exija un per\u00edodo de retenci\u00f3n m\u00e1s largo..<\/p><ol start=\"6\"><li><strong>\u00bfc\u00f3mo mantenemos su informaci\u00f3n segura?<\/strong><\/li><\/ol><p>Protegemos la seguridad y la integridad de la IIP que recopilamos mediante la<br \/>implementaci\u00f3n de procedimientos f\u00edsicos, electr\u00f3nicos y administrativos para<br \/>salvaguardar y proteger la informaci\u00f3n contra p\u00e9rdida, uso indebido, acceso no autorizado o divulgaci\u00f3n, alteraci\u00f3n o destrucci\u00f3n. Sin embargo, debido a la naturaleza inherente del internet como un veh\u00edculo de comunicaci\u00f3n global abierto, no podemos garantizar que cualquier informaci\u00f3n, ya sea durante la transmisi\u00f3n a trav\u00e9s de Internet, mientras est\u00e9 almacenada en nuestros sistemas de datos o mantenida por nosotros, est\u00e9 absolutamente a salvo de la intrusi\u00f3n, incluyendo de los piratas inform\u00e1ticos. Esto incluye la informaci\u00f3n que se nos proporciona por correo electr\u00f3nico, a trav\u00e9s de publicaciones directas en el sitio web o a trav\u00e9s de la funci\u00f3n &#8220;Contacto&#8221; del sitio web. Al proporcionar informaci\u00f3n a<br \/>trav\u00e9s de estos canales, debe tener en cuenta que su transmisi\u00f3n puede no ser segura mientras est\u00e1 en tr\u00e1nsito y que un tercero posiblemente podr\u00eda ver la informaci\u00f3n en tr\u00e1nsito.<\/p><ol start=\"7\"><li><strong>\u00bfqu\u00e9 pasa si no quiero compartir mi informaci\u00f3n?<\/strong><\/li><\/ol><p>El llenado de registros y formularios en nuestra p\u00e1gina es voluntario, y sin hacerlo, los usuarios pueden navegar en www.suntrails.com. Llenar los formularios es necesario para recibir boletines electr\u00f3nicos, y ciertas comunicaciones con SunTrails relacionadas con nuestras actividades. Al navegar en la p\u00e1gina de SunTrails, se recopilar\u00e1 la informaci\u00f3n an\u00f3nima descrita en el punto 1, arriba, que, al ser an\u00f3nima, no permite identificar usuarios espec\u00edficos.<\/p><p>Si el usuario est\u00e1 registrado para una actividad, podremos enviarle correos electr\u00f3nicos en relaci\u00f3n con sus preferencias de registro. En cualquiera de esos mensajes, el usuario podr\u00e1 optar por retirarse de la lista y con ello se cancela su suscripci\u00f3n y la recopilaci\u00f3n de datos derivada de ella. Tambi\u00e9n puede enviarnos una solicitud de &#8220;exclusi\u00f3n volunttaria&#8221; al correo info@suntrails.com.<\/p><ol start=\"8\"><li><strong>\u00bfrecolectamos informaci\u00f3n de menores de edad?<\/strong><\/li><\/ol><p>El sitio web no est\u00e1 dirigido a menores de edad y no recopilamos ni conservamos a<br \/>sabiendas ninguna informaci\u00f3n personal sobre personas menores de 12 a\u00f1os.<\/p><ol start=\"9\"><li><strong> GDPR<\/strong><\/li><\/ol><p>El Reglamento general de protecci\u00f3n de datos de la Uni\u00f3n Europea (&#8220;GDPR&#8221;) y otras leyes de protecci\u00f3n de datos aplicables otorgan ciertos derechos a los interesados. En t\u00e9rminos generales, usted tiene, o puede tener, el derecho (como se establece con m\u00e1s detalle en las leyes de protecci\u00f3n de datos aplicables) a:<\/p><ul><li>solicitar detalles de la informaci\u00f3n que tenemos sobre usted y c\u00f3mo la procesamos<\/li><li>eliminar su informaci\u00f3n personal o rectificarla, si es inexacta o si ha sido eliminado<\/li><li>restringir nuestro procesamiento de su informaci\u00f3n personal<\/li><li>retirar un consentimiento proporcionado previamente para el procesamiento de su informaci\u00f3n personal<\/li><li>detener las transferencias no autorizadas de su informaci\u00f3n personal a un tercero<\/li><li>que su informaci\u00f3n personal sea transferida a un tercero<\/li><li>quejarse de nuestro procesamiento de su informaci\u00f3n personal a una autoridad de supervisi\u00f3n local<\/li><\/ul><p>Es importante tener en cuenta que estos derechos pueden no ser absolutos. Por ejemplo, si retira su consentimiento para procesar su informaci\u00f3n personal, podremos continuar procesando su informaci\u00f3n personal en la medida requerida o permitida por la ley, en particular en relaci\u00f3n con el ejercicio y la defensa de nuestros derechos legales o nuestras obligaciones legales y\/ o regulatorias..<\/p><ol start=\"10\"><li><strong>\u00bfhacemos actualizaciones de estos t\u00e9rminos y condiciones?<\/strong><\/li><\/ol><p>Como el sitio web se actualiza peri\u00f3dicamente, nuestros t\u00e9rminos y condiciones pueden cambiar en cualquier momento. Por lo tanto, revise los t\u00e9rminos y condiciones de privacidad publicados de tiempo en tiempo.<\/p><ol start=\"11\"><li><strong>\u00bfcumple SunTrails con la ley CAN-SPAM?<\/strong><\/li><\/ol><p>La ley CAN-SPAM cubre todos los mensajes comerciales, que definidos como \u201ccualquier mensaje de correo electr\u00f3nico cuyo prop\u00f3sito principal es el anuncio comercial o promoci\u00f3n de un producto o servicio\u201d.<\/p><p>Para el env\u00edo de correos electr\u00f3nicos SunTrails no utiliza informaci\u00f3n de encabezado o asuntos falsos o enga\u00f1osos. La informaci\u00f3n enviada corresponde a ofertas, anuncios o promociones..<\/p><ol start=\"12\"><li><strong>\u00bfc\u00f3mo puede comunicarse con nosotros sobre estos t\u00e9rminos y condiciones?<\/strong><\/li><\/ol><p><span style=\"color: #000000;\">Si tiene preguntas o comentarios sobre estos t\u00e9rminos y condiciones, puede contactarnos a <a style=\"color: #000000;\" href=\"mailto:customer.service@suntrails.com\"><strong>customer.service@suntrails.com<\/strong><\/a>, que estaremos felices de responderle.<\/span><\/p>\t\t\t\t\t\t<\/div>\n\t\t\t\t<\/div>\n\t\t\t\t\t<\/div>\n\t\t<\/div>\n\t\t\t\t\t\t\t<\/div>\n\t\t<\/section>\n\t\t\t\t\t<\/div>\n\t\t<\/div>\n\t\t\t\t\t\t\t<\/div>\n\t\t<\/section>\n\t\t\t\t\t\t<\/div>\n\t\t\t\t\t<\/div>\n\t\t","protected":false},"excerpt":{"rendered":"<p>Pol\u00edtica de privacidad Pol\u00edtica de privacidad de datos, uso de cookies y anti-spam. TEstos t\u00e9rminos y condiciones de privacidad de datos, uso de cookies y spam establecen los lineamientos y pr\u00e1cticas de protecci\u00f3n de datos personales, uso de cookies y spam del sitio web SunTrails, generalmente indicadas por la URL &#8220;www.suntrails.com&#8221; SunTrails es un tour [&hellip;]<\/p>\n","protected":false},"author":1,"featured_media":0,"parent":0,"menu_order":0,"comment_status":"closed","ping_status":"closed","template":"","meta":[],"acf":[],"_links":{"self":[{"href":"https:\/\/suntrails.com\/es\/wp-json\/wp\/v2\/pages\/2940"}],"collection":[{"href":"https:\/\/suntrails.com\/es\/wp-json\/wp\/v2\/pages"}],"about":[{"href":"https:\/\/suntrails.com\/es\/wp-json\/wp\/v2\/types\/page"}],"author":[{"embeddable":true,"href":"https:\/\/suntrails.com\/es\/wp-json\/wp\/v2\/users\/1"}],"replies":[{"embeddable":true,"href":"https:\/\/suntrails.com\/es\/wp-json\/wp\/v2\/comments?post=2940"}],"version-history":[{"count":26,"href":"https:\/\/suntrails.com\/es\/wp-json\/wp\/v2\/pages\/2940\/revisions"}],"predecessor-version":[{"id":4317,"href":"https:\/\/suntrails.com\/es\/wp-json\/wp\/v2\/pages\/2940\/revisions\/4317"}],"wp:attachment":[{"href":"https:\/\/suntrails.com\/es\/wp-json\/wp\/v2\/media?parent=2940"}],"curies":[{"name":"wp","href":"https:\/\/api.w.org\/{rel}","templated":true}]}}